{"id":10,"date":"2022-11-26T15:51:47","date_gmt":"2022-11-26T14:51:47","guid":{"rendered":"https:\/\/sport-ontour.de\/?page_id=10"},"modified":"2025-11-03T16:36:35","modified_gmt":"2025-11-03T15:36:35","slug":"gestalte-deine-website-mit-bloecken","status":"publish","type":"page","link":"https:\/\/sport-ontour.de\/","title":{"rendered":"Sport OnTour"},"content":{"rendered":"\n<h2 class=\"wp-block-heading alignwide has-text-align-center has-text-align-wide has-large-font-size\" style=\"line-height:1.1\"><strong>\u00d6ffnungszeiten in Isen:<\/strong><\/h2>\n\n\n\n<p class=\"has-text-align-center\">Montags von 17:00 bis 19:00 Uhr<br>Freitags von 15:00 bis 18:00 Uhr<br><br>gerne auch nach Absprache<\/p>\n\n\n    <div data-options='{&quot;id&quot;:&quot;90&quot;,&quot;lazy_load&quot;:&quot;no&quot;,&quot;masonry_enable&quot;:&quot;no&quot;,&quot;view_type&quot;:&quot;grid&quot;}' id=\"post-grid-90\" class=\"post-grid grid\">\n        <div class=\"grid-items\">\n      <div class=\"item item-137 skin flat even 0 \">\n        <div class=\"layer-wrapper layout-92\">\n          <div class=\"element element_1669481332291  content \">\n        <p><!-- wp:image {\"id\":154,\"sizeSlug\":\"full\",\"linkDestination\":\"none\"} --><\/p>\n<figure class=\"wp-block-image size-full\"><img loading=\"lazy\" decoding=\"async\" width=\"818\" height=\"455\" src=\"https:\/\/sport-ontour.de\/wp-content\/uploads\/2023\/11\/SKiservice-25_26.png\" alt=\"Skiservice\" class=\"wp-image-154\" srcset=\"https:\/\/sport-ontour.de\/wp-content\/uploads\/2023\/11\/SKiservice-25_26.png 818w, https:\/\/sport-ontour.de\/wp-content\/uploads\/2023\/11\/SKiservice-25_26-300x167.png 300w, https:\/\/sport-ontour.de\/wp-content\/uploads\/2023\/11\/SKiservice-25_26-768x427.png 768w\" sizes=\"auto, (max-width: 818px) 100vw, 818px\" \/><\/figure>\n<p><!-- \/wp:image --><\/p>\n    <\/div>\n    <\/div>\n  <\/div>    <\/div>\n        <script>\n          <\/script>\n    <style type=\"text\/css\">\n    #post-grid-90 {\n      padding: 0px;\n          }\n\n    #post-grid-90 .item {\n      padding: 0px;\n      background: #fff;\n          }\n\n    #post-grid-90 .item .layer-media {\n      height:auto;    }\n\n    @media only screen and (min-width: 0px) and (max-width: 767px) {\n      #post-grid-90 .grid-items {\n        display: grid;\n        grid-template-columns: 1fr ;\n        column-gap: 0px;\n        row-gap: 0px;\n              }\n\n      #post-grid-90 .item {\n        height:auto;      }\n    }\n\n    @media only screen and (min-width: 768px) and (max-width: 1023px) {\n      #post-grid-90 .grid-items {\n        display: grid;\n        grid-template-columns: 1fr ;\n        column-gap: 0px;\n        row-gap: 0px;\n              }\n\n      #post-grid-90 .item {\n        max-height:auto;      }\n    }\n\n    @media only screen and (min-width: 1024px) {\n      #post-grid-90 .grid-items {\n        display: grid;\n        grid-template-columns: 1fr ;\n        column-gap: 0px;\n        row-gap: 0px;\n              }\n\n      #post-grid-90 .item {\n        height:auto;      }\n    }\n\n      <\/style>\n  <\/div>\n\n\n\n\n<div style=\"height:50px\" aria-hidden=\"true\" class=\"wp-block-spacer\"><\/div>\n\n\n\n<div class=\"wp-block-columns alignwide are-vertically-aligned-top w100 is-style-default has-background is-layout-flex wp-container-core-columns-is-layout-01629885 wp-block-columns-is-layout-flex\" style=\"background-color:#ffffffcc;padding-top:var(--wp--preset--spacing--50);padding-right:var(--wp--preset--spacing--50);padding-bottom:var(--wp--preset--spacing--50);padding-left:var(--wp--preset--spacing--50)\">\n<div class=\"wp-block-column is-vertically-aligned-top is-layout-flow wp-block-column-is-layout-flow\">\n<h3 class=\"wp-block-heading has-text-align-center\"><strong>Florian Wegmaier<\/strong><\/h3>\n\n\n\n<p class=\"has-text-align-center\">Ranischbergstr. 2<br>84424 Isen<\/p>\n\n\n\n<p class=\"has-text-align-center\">Tel.-Nr. 08083 \/ 93 90<br>Fax: 08083 \/ 90 75 04<br>Handy: 0175 \/ 348 10 36<\/p>\n\n\n\n<p class=\"has-text-align-center\">Mail:&nbsp;florian.wegmaier@sport-ontour.de<\/p>\n<\/div>\n\n\n\n<div class=\"wp-block-column is-vertically-aligned-top is-layout-flow wp-block-column-is-layout-flow\" style=\"padding-top:0;padding-right:0;padding-bottom:0;padding-left:0\">\n<h3 class=\"wp-block-heading has-text-align-center\"><strong>Werner Mayer<\/strong><\/h3>\n\n\n\n<p class=\"has-text-align-center\">Lengmooser Weg 26<br>83527 Haag i. OB<\/p>\n\n\n\n<p class=\"has-text-align-center\">Telefon: (08072) 677<br>Fax: (08072) 33 69<br>Mobil: (0172) 834 57 88<\/p>\n\n\n\n<p class=\"has-text-align-center\">E-Mail:&nbsp;werner.mayer@sport-ontour.de<\/p>\n<\/div>\n<\/div>\n\n\n\n<div class=\"wp-block-columns w100 has-background is-layout-flex wp-container-core-columns-is-layout-9d6595d7 wp-block-columns-is-layout-flex\" style=\"background-color:#ffffffcc\">\n<div class=\"wp-block-column has-large-font-size is-layout-flow wp-block-column-is-layout-flow\">\n<div style=\"height:50px\" aria-hidden=\"true\" class=\"wp-block-spacer\"><\/div>\n\n\n\n<hr class=\"wp-block-separator has-alpha-channel-opacity is-style-default\"\/>\n<\/div>\n<\/div>\n\n\n\n<div class=\"wp-block-columns w100 has-background is-layout-flex wp-container-core-columns-is-layout-9d6595d7 wp-block-columns-is-layout-flex\" style=\"background-color:#ffffffcc\">\n<div class=\"wp-block-column is-layout-flow wp-block-column-is-layout-flow\" style=\"flex-basis:66%\">\n<h2 class=\"wp-block-heading has-text-align-center\">Skiservice<\/h2>\n\n\n\n<figure class=\"wp-block-table is-style-stripes\"><table><thead><tr><th><\/th><th>Preis<\/th><\/tr><\/thead><tbody><tr><td>Wachsen und Kanten schleifen<\/td><td>15\u20ac<\/td><\/tr><tr><td>Gro\u00dfer Skiservice<br>(Belagsarbeiten, Diamantschliff, individueller Kantenschliff, Wachsen, Polieren<\/td><td>25\u20ac<\/td><\/tr><tr><td>Service Snowboard<br>(Bandschliff, individueller Kantenschliff, Wachsen, Polieren)<\/td><td>30\u20ac<\/td><\/tr><tr><td>Bindung einstellen<\/td><td>5\u20ac<\/td><\/tr><tr><td>Bindung montieren<\/td><td>nach Aufwand<\/td><\/tr><\/tbody><\/table><\/figure>\n\n\n\n<p>Die Firma Sport ON TOUR bietet mit der neu erworbenen Schleif- und Wachsmaschine qualitativ hochwertigen und dennoch preiswerten Skiservice durch fachkundiges Personal.<\/p>\n<\/div>\n\n\n\n<div class=\"wp-block-column is-layout-flow wp-block-column-is-layout-flow\">\n<h2 class=\"wp-block-heading has-text-align-center\">Rodelservice<\/h2>\n\n\n\n<p class=\"has-text-align-center\">Die Kufen Ihres Rodels brauchen neuen Schliff?<br>Wir beseitigen den Rost und sorgen f\u00fcr den n\u00f6tigen Bi\u00df auf der Rodelbahn. Die Kufen werden abmontiert &nbsp;mit der Maschine geschliffen und bearbeitet.<\/p>\n\n\n\n<p class=\"has-text-align-center\">Auch alle weiteren Instandsetzungsarbeiten werden durchgef\u00fchrt.<br>Preis je nach Aufwand.<\/p>\n<\/div>\n<\/div>\n","protected":false},"excerpt":{"rendered":"<p>\u00d6ffnungszeiten in Isen: Montags von 17:00 bis 19:00 UhrFreitags von 15:00 bis 18:00 Uhr gerne auch nach Absprache Florian Wegmaier Ranischbergstr. 284424 Isen Tel.-Nr. 08083 \/ 93 90Fax: 08083 \/ 90 75 04Handy: 0175 \/ 348 10 36 Mail:&nbsp;florian.wegmaier@sport-ontour.de Werner Mayer Lengmooser Weg 2683527 Haag i. OB Telefon: (08072) 677Fax: (08072) 33 69Mobil: (0172) 834&hellip; <a class=\"more-link\" href=\"https:\/\/sport-ontour.de\/?p=137\"><span class=\"screen-reader-text\">Anzeige MoBo<\/span> weiterlesen<\/a><\/p>\n","protected":false},"author":1,"featured_media":0,"parent":0,"menu_order":0,"comment_status":"closed","ping_status":"closed","template":"","meta":{"footnotes":""},"class_list":["post-10","page","type-page","status-publish","hentry","entry"],"publishpress_future_action":{"enabled":false,"date":"2026-04-20 22:05:05","action":"change-status","newStatus":"draft","terms":[],"taxonomy":"","extraData":[]},"publishpress_future_workflow_manual_trigger":{"enabledWorkflows":[]},"_links":{"self":[{"href":"https:\/\/sport-ontour.de\/index.php?rest_route=\/wp\/v2\/pages\/10","targetHints":{"allow":["GET"]}}],"collection":[{"href":"https:\/\/sport-ontour.de\/index.php?rest_route=\/wp\/v2\/pages"}],"about":[{"href":"https:\/\/sport-ontour.de\/index.php?rest_route=\/wp\/v2\/types\/page"}],"author":[{"embeddable":true,"href":"https:\/\/sport-ontour.de\/index.php?rest_route=\/wp\/v2\/users\/1"}],"replies":[{"embeddable":true,"href":"https:\/\/sport-ontour.de\/index.php?rest_route=%2Fwp%2Fv2%2Fcomments&post=10"}],"version-history":[{"count":61,"href":"https:\/\/sport-ontour.de\/index.php?rest_route=\/wp\/v2\/pages\/10\/revisions"}],"predecessor-version":[{"id":156,"href":"https:\/\/sport-ontour.de\/index.php?rest_route=\/wp\/v2\/pages\/10\/revisions\/156"}],"wp:attachment":[{"href":"https:\/\/sport-ontour.de\/index.php?rest_route=%2Fwp%2Fv2%2Fmedia&parent=10"}],"curies":[{"name":"wp","href":"https:\/\/api.w.org\/{rel}","templated":true}]}}